{"id":48,"date":"2018-07-07T17:03:20","date_gmt":"2018-07-07T21:03:20","guid":{"rendered":"http:\/\/www.bonjourniagara.com\/vivre\/?page_id=48"},"modified":"2023-06-12T10:55:09","modified_gmt":"2023-06-12T14:55:09","slug":"education","status":"publish","type":"page","link":"https:\/\/vivreaniagara.com\/en\/education\/","title":{"rendered":"Education"},"content":{"rendered":"<div class=\"map-button\"><a href=\"https:\/\/vivreaniagara.com\/en\/education\/education-resource-map\/\" class=\"wc-shortcodes-button wc-shortcodes-button-secondary wc-shortcodes-button-position-\" title=\"Education Resource Map\"><span class=\"wc-shortcodes-button-inner\"><span class=\"wc-shortcodes-button-icon-left fa fa-map-o\"><\/span>Resource Map<\/span><\/a><\/div>\n<div class=\"collage\">\n<div class=\"wc-shortcodes-row wc-shortcodes-item wc-shortcodes-clearfix\">\n<div class=\"wc-shortcodes-column wc-shortcodes-content wc-shortcodes-one-half wc-shortcodes-column-first \">\n<div class=\"image-one\"><img loading=\"lazy\" decoding=\"async\" class=\"alignnone wp-image-1608 size-full\" title=\"Autobus Viamonde\" src=\"http:\/\/vivreaniagara.com\/wp-content\/uploads\/2018\/08\/autobus-juju-cropped.jpg\" alt=\"Autobus Viamonde\" width=\"546\" height=\"360\" srcset=\"https:\/\/vivreaniagara.com\/wp-content\/uploads\/2018\/08\/autobus-juju-cropped.jpg 546w, https:\/\/vivreaniagara.com\/wp-content\/uploads\/2018\/08\/autobus-juju-cropped-300x198.jpg 300w\" sizes=\"auto, (max-width: 546px) 100vw, 546px\" \/><\/div>\n<div class=\"image-two\"><img loading=\"lazy\" decoding=\"async\" class=\"alignnone wp-image-1616 size-full\" title=\"On y va!\" src=\"http:\/\/vivreaniagara.com\/wp-content\/uploads\/2018\/08\/onyva-1-cropped.jpg\" alt=\"On y va!\" width=\"546\" height=\"233\" srcset=\"https:\/\/vivreaniagara.com\/wp-content\/uploads\/2018\/08\/onyva-1-cropped.jpg 546w, https:\/\/vivreaniagara.com\/wp-content\/uploads\/2018\/08\/onyva-1-cropped-300x128.jpg 300w\" sizes=\"auto, (max-width: 546px) 100vw, 546px\" \/><\/div>\n<\/div>\n<div class=\"wc-shortcodes-column wc-shortcodes-content wc-shortcodes-one-half wc-shortcodes-column-last \">\n<div class=\"image-three\"><img loading=\"lazy\" decoding=\"async\" class=\"alignnone wp-image-1612 size-full\" title=\"Dessin enfants\" src=\"http:\/\/vivreaniagara.com\/wp-content\/uploads\/2018\/08\/dessin-cropped.jpg\" alt=\"Dessin enfants\" width=\"547\" height=\"240\" srcset=\"https:\/\/vivreaniagara.com\/wp-content\/uploads\/2018\/08\/dessin-cropped.jpg 547w, https:\/\/vivreaniagara.com\/wp-content\/uploads\/2018\/08\/dessin-cropped-300x132.jpg 300w\" sizes=\"auto, (max-width: 547px) 100vw, 547px\" \/><\/div>\n<div class=\"image-four-five\"><img loading=\"lazy\" decoding=\"async\" class=\"alignnone wp-image-5315 size-full\" title=\"Pavillon de la francophonie\" src=\"http:\/\/vivreaniagara.com\/wp-content\/uploads\/2023\/04\/pavillon-francophonie.jpg\" alt=\"Pavillon de la francophonie\" width=\"270\" height=\"353\" srcset=\"https:\/\/vivreaniagara.com\/wp-content\/uploads\/2023\/04\/pavillon-francophonie.jpg 270w, https:\/\/vivreaniagara.com\/wp-content\/uploads\/2023\/04\/pavillon-francophonie-229x300.jpg 229w\" sizes=\"auto, (max-width: 270px) 100vw, 270px\" \/><img loading=\"lazy\" decoding=\"async\" class=\"alignnone wp-image-5317 size-full\" title=\"Interpr\u00e8te ESCJB\" src=\"http:\/\/vivreaniagara.com\/wp-content\/uploads\/2023\/04\/interprete-ESCJB.jpg\" alt=\"Interpr\u00e8te ESCJB\" width=\"270\" height=\"353\" srcset=\"https:\/\/vivreaniagara.com\/wp-content\/uploads\/2023\/04\/interprete-ESCJB.jpg 270w, https:\/\/vivreaniagara.com\/wp-content\/uploads\/2023\/04\/interprete-ESCJB-229x300.jpg 229w\" sizes=\"auto, (max-width: 270px) 100vw, 270px\" \/><\/div>\n<div style=\"clear: both;\"><\/div>\n<\/div>\n<\/div>\n<\/div>\n<div class=\"wc-shortcodes-row wc-shortcodes-item wc-shortcodes-clearfix\">\n<div class=\"wc-shortcodes-column wc-shortcodes-content wc-shortcodes-two-third wc-shortcodes-column-first \">\n<h2>Child Care Services<\/h2>\n<p>Parents of newborns and young preschoolers can find child care services in licensed child care centres or home care.<\/p>\n<p>In Niagara, child care centres provide a full range of services, from infant to preschool care and before and after school programs. Francophone services are located in French-language schools of both the Catholic and<span lang=\"FR-CA\"> secular boards. See the <a href=\"https:\/\/vivreaniagara.com\/en\/education\/daycare-resource-map\/\">resource map<\/a> to find their location.<br \/>\n<\/span><\/p>\n<p>You can also find <a href=\"https:\/\/www.ontario.ca\/fr\/page\/trouver-un-centre-pour-lenfant-et-la-famille-y-va\" target=\"_blank\" rel=\"noopener\">EarlyON<\/a> centres which offer free drop-in programs for caregivers and children together. Find the locations of <a href=\"https:\/\/www.niagararegion.ca\/living\/childcare\/early-years\/locations.aspx\" target=\"_blank\" rel=\"noopener\">EarlyON centres in Niagara<\/a>.<\/p>\n<p>Montessori schools and before-and-after school care are additional alternatives to provide your young ones with the best education and care.<\/p>\n<p>For more information on options and subsidies, see this <a href=\"https:\/\/www.ontario.ca\/page\/find-and-pay-child-care\" target=\"_blank\" rel=\"noopener\">Government of Ontario<\/a> page.<\/p>\n<p>Parents are encouraged to read about the <a href=\"https:\/\/www.edu.gov.on.ca\/eng\/parents\/index.html\" target=\"_blank\" rel=\"noopener\">Ministry of Education<\/a> and the <a href=\"https:\/\/www.afeseo.ca\/\" target=\"_blank\" rel=\"noopener\">Association francophone \u00e0 l&#8217;\u00e9ducation des services \u00e0 l&#8217;enfance de l&#8217;Ontario<\/a>.<\/p>\n<h2>Elementary and Secondary Education<\/h2>\n<p>All children in Ontario are required to attend school until the age of 18 or until they have graduated from a secondary school. Well established Francophone school systems provide free top quality\u00a0primary and secondary eduction.<\/p>\n<h3>French Language Education<\/h3>\n<blockquote><p>French Language schools offer a rich and diversified cultural experience in a welcoming and inclusive environment.<\/p><\/blockquote>\n<p>In French language schools of the <a href=\"https:\/\/www.cscmonavenir.ca\/english\/who-we-are\/\" target=\"_blank\" rel=\"noopener\">MonAvenir <\/a>Catholic School Board and <a href=\"https:\/\/csviamonde.ca\/english\/\" target=\"_blank\" rel=\"noopener\">Viamonde <\/a>French School Board,\u00a0French is taught as a first language and students learn and live in a Francophone environment.<\/p>\n<p>To attend a French language school, children are admissible if their native language is French, if their elementary education was in French or their parent received education in a French-language school in Canada. For more information, see: <a href=\"https:\/\/www.edu.gov.on.ca\/eng\/amenagement\/admission.html\" target=\"_blank\" rel=\"noopener\">Admission to French-language schools<\/a>.<\/p>\n<p>For more information, visit <a href=\"https:\/\/www.elfontario.ca\/en\/\" target=\"_blank\" rel=\"noopener\">French-language education in Ontario<\/a>.<\/p>\n<h3>French Immersion Programs<\/h3>\n<p>Many schools in Niagara offer French Immersion programs where students learn French as a second language and serves as the language of instruction for some courses. School life and extracurricular activities take place in English.<\/p>\n<p>For a better understanding of the differences, download the document <a class=\"download-link\" title=\"\" href=\"https:\/\/vivreaniagara.com\/en\/download\/443\/?tmstv=1776577695\" rel=\"nofollow\">\n\tLa diff\u00e9rence entre L\u2019\u00c9DUCATION EN LANGUE FRAN\u00c7AISE et le programme \u00ab FRENCH IMMERSION \u00bb<\/a> <small>(pdf &ndash; 345.57 KB)<\/small><br \/>\n    <\/p>\n<h2>Post Secondary Education<\/h2>\n<p>In Niagara, students can continue their post secondary education at <a href=\"https:\/\/brocku.ca\/\" target=\"_blank\" rel=\"noopener\">Brock University<\/a> or <a href=\"https:\/\/www.niagaracollege.ca\/\" target=\"_blank\" rel=\"noopener\">Niagara College<\/a>. Both offer strong academic programs, cutting-edge research, and world-class facilities.<\/p>\n<p>Brock University offers <a href=\"https:\/\/brocku.ca\/humanities\/modern-languages\/programs\/french-studies\/\" target=\"_blank\" rel=\"noopener\">French Studies<\/a> including courses in translation and business French plus an opportunity to gain experience through an internship within Niagara&#8217;s Francophone community. The university also offers <a href=\"https:\/\/brocku.ca\/education\/programs\/concurrent-education\/#1587857365522-41dfe4ef-7857\" target=\"_blank\" rel=\"noopener\">Teacher Education<\/a> including a degree in French (second language).<\/p>\n<p>With seven campuses in Ontario \u2013 including Toronto, Windsor and Sudbury, <a href=\"https:\/\/www.collegeboreal.ca\/en\/\" target=\"_blank\" rel=\"noopener\">Coll\u00e8ge Bor\u00e9al<\/a> offers French-language programs and services across a network of forty sites in thirty different communities. Literacy and basic skills courses as well as business training and continuing education are available at the Niagara College location (Welland Campus).<\/p>\n<p><a href=\"https:\/\/www.niagaracollege.ca\/parttimestudies\/online\/programs\/french\/#overview\" target=\"_blank\" rel=\"noopener\">Part-time French courses<\/a> to enhance your communication skills are available at Niagara College.<\/p>\n<div>Furthermore, there are opportunities for our students to pursue their studies in French at the following Toronto universities:<\/div>\n<ul>\n<li><a href=\"https:\/\/www.yorku.ca\/glendon\/why-choose-glendon\/?lang=fr#bilingualism\" target=\"_blank\" rel=\"noopener\" data-saferedirecturl=\"https:\/\/www.google.com\/url?q=https:\/\/www.yorku.ca\/glendon\/why-choose-glendon\/?lang%3Dfr%23bilingualism&amp;source=gmail&amp;ust=1683726166873000&amp;usg=AOvVaw1yRnQvqApe4Nz4vOanb_VQ\">Immersive language options<\/a> are available at the Glendon Campus of York University.<\/li>\n<li>Innovative experiential learning programs are offered at <a href=\"https:\/\/uontario.ca\/\" target=\"_blank\" rel=\"noopener\" data-saferedirecturl=\"https:\/\/www.google.com\/url?q=https:\/\/uontario.ca\/&amp;source=gmail&amp;ust=1683726166873000&amp;usg=AOvVaw0eqR-UrV6_z69IuJD_0GrH\">Universit\u00e9 de l&#8217;Ontario fran\u00e7ais<\/a>.<\/li>\n<\/ul>\n<p>&nbsp;<\/p>\n<\/div>\n<div class=\"wc-shortcodes-column wc-shortcodes-content wc-shortcodes-one-third wc-shortcodes-column-last \">\n<p><img loading=\"lazy\" decoding=\"async\" class=\"rounded-corners alignnone wp-image-1993 size-full\" src=\"http:\/\/vivreaniagara.com\/wp-content\/uploads\/2018\/09\/testimonial-thomas.jpg\" alt=\"It's a place where our children can grow and thrive. - Thomas\" width=\"400\" height=\"652\" srcset=\"https:\/\/vivreaniagara.com\/wp-content\/uploads\/2018\/09\/testimonial-thomas.jpg 400w, https:\/\/vivreaniagara.com\/wp-content\/uploads\/2018\/09\/testimonial-thomas-184x300.jpg 184w\" sizes=\"auto, (max-width: 400px) 100vw, 400px\" \/><\/p>\n<h2>Adult Learning<\/h2>\n<p><a href=\"https:\/\/www.abccommunautaire.ca\/\" target=\"_blank\" rel=\"noopener\"><em>L\u2019ABC Communautaire<\/em><\/a> offers French, Math and computer courses for free to francophones. They can also help them obtain a <a href=\"https:\/\/ged.com\/en-ca\/\" target=\"_blank\" rel=\"noopener\">high school equivalency diploma<\/a> (GED). The education centre may provide financial assistance for travel expenses and child care to their francophone students.<\/p>\n<h2>French teachers are in demand!<\/h2>\n<p>Qualified teachers are in demand in French schools! The resources of <a href=\"https:\/\/www.oct.ca\/becoming-a-teacher\/jobs-in-education?sc_lang=en&amp;\" target=\"_blank\" rel=\"noopener\">Ontario College of Teachers<\/a> could help you in your job search.<\/p>\n<h2>French courses and tutoring<\/h2>\n<p>Find out about tutoring and learning programs from the following organizations:<\/p>\n<p><a href=\"https:\/\/excellenttutorat.ca\/\" target=\"_blank\" rel=\"noopener\">Excellent Tutorat<\/a> offers private english and french courses and\u00a0 individual school support.<\/p>\n<p><a href=\"https:\/\/on.cpf.ca\/en\/\" target=\"_blank\" rel=\"noopener\">Canadian Parents for French<\/a><\/p>\n<p><a href=\"https:\/\/www.oxfordlearning.com\/locations\/\" target=\"_blank\" rel=\"noopener\">Oxford Learning<\/a><\/p>\n<\/div>\n<\/div>\n","protected":false},"excerpt":{"rendered":"<p>Child Care Services Parents of newborns and young preschoolers can find child care services in licensed child care centres or home care. In Niagara, child care centres provide a full range of services, from infant to preschool care and before and after school programs. Francophone services are located in French-language schools of both the Catholic &#8230; <a title=\"Education\" class=\"read-more\" href=\"https:\/\/vivreaniagara.com\/en\/education\/\" aria-label=\"More on Education\">Plus<\/a><\/p>\n","protected":false},"author":12,"featured_media":0,"parent":0,"menu_order":6,"comment_status":"closed","ping_status":"closed","template":"","meta":{"_monsterinsights_skip_tracking":false,"_monsterinsights_sitenote_active":false,"_monsterinsights_sitenote_note":"","_monsterinsights_sitenote_category":0,"generate_page_header":"","footnotes":""},"class_list":["post-48","page","type-page","status-publish"],"yoast_head":"<!-- This site is optimized with the Yoast SEO plugin v27.4 - https:\/\/yoast.com\/product\/yoast-seo-wordpress\/ -->\n<title>Education | Bonjour Niagara \u2013 Francophone Community Resources<\/title>\n<meta name=\"robots\" content=\"index, follow, max-snippet:-1, max-image-preview:large, max-video-preview:-1\" \/>\n<link rel=\"canonical\" href=\"https:\/\/vivreaniagara.com\/en\/education\/\" \/>\n<meta property=\"og:locale\" content=\"en_US\" \/>\n<meta property=\"og:type\" content=\"article\" \/>\n<meta property=\"og:title\" content=\"Education | Bonjour Niagara \u2013 Francophone Community Resources\" \/>\n<meta property=\"og:description\" content=\"Child Care Services Parents of newborns and young preschoolers can find child care services in licensed child care centres or home care. In Niagara, child care centres provide a full range of services, from infant to preschool care and before and after school programs. Francophone services are located in French-language schools of both the Catholic ... Plus\" \/>\n<meta property=\"og:url\" content=\"https:\/\/vivreaniagara.com\/en\/education\/\" \/>\n<meta property=\"og:site_name\" content=\"Vivre \u00e0 Niagara - Ressources communautaires francophones\" \/>\n<meta property=\"article:modified_time\" content=\"2023-06-12T14:55:09+00:00\" \/>\n<meta property=\"og:image\" content=\"http:\/\/vivreaniagara.com\/wp-content\/uploads\/2018\/08\/autobus-juju-cropped.jpg\" \/>\n<meta name=\"twitter:card\" content=\"summary_large_image\" \/>\n<meta name=\"twitter:label1\" content=\"Est. reading time\" \/>\n\t<meta name=\"twitter:data1\" content=\"5 minutes\" \/>\n<script type=\"application\/ld+json\" class=\"yoast-schema-graph\">{\"@context\":\"https:\\\/\\\/schema.org\",\"@graph\":[{\"@type\":\"WebPage\",\"@id\":\"https:\\\/\\\/vivreaniagara.com\\\/en\\\/education\\\/\",\"url\":\"https:\\\/\\\/vivreaniagara.com\\\/en\\\/education\\\/\",\"name\":\"Education | Bonjour Niagara \u2013 Francophone Community Resources\",\"isPartOf\":{\"@id\":\"https:\\\/\\\/vivreaniagara.com\\\/#website\"},\"primaryImageOfPage\":{\"@id\":\"https:\\\/\\\/vivreaniagara.com\\\/en\\\/education\\\/#primaryimage\"},\"image\":{\"@id\":\"https:\\\/\\\/vivreaniagara.com\\\/en\\\/education\\\/#primaryimage\"},\"thumbnailUrl\":\"http:\\\/\\\/vivreaniagara.com\\\/wp-content\\\/uploads\\\/2018\\\/08\\\/autobus-juju-cropped.jpg\",\"datePublished\":\"2018-07-07T21:03:20+00:00\",\"dateModified\":\"2023-06-12T14:55:09+00:00\",\"breadcrumb\":{\"@id\":\"https:\\\/\\\/vivreaniagara.com\\\/en\\\/education\\\/#breadcrumb\"},\"inLanguage\":\"en-CA\",\"potentialAction\":[{\"@type\":\"ReadAction\",\"target\":[\"https:\\\/\\\/vivreaniagara.com\\\/en\\\/education\\\/\"]}]},{\"@type\":\"ImageObject\",\"inLanguage\":\"en-CA\",\"@id\":\"https:\\\/\\\/vivreaniagara.com\\\/en\\\/education\\\/#primaryimage\",\"url\":\"http:\\\/\\\/vivreaniagara.com\\\/wp-content\\\/uploads\\\/2018\\\/08\\\/autobus-juju-cropped.jpg\",\"contentUrl\":\"http:\\\/\\\/vivreaniagara.com\\\/wp-content\\\/uploads\\\/2018\\\/08\\\/autobus-juju-cropped.jpg\"},{\"@type\":\"BreadcrumbList\",\"@id\":\"https:\\\/\\\/vivreaniagara.com\\\/en\\\/education\\\/#breadcrumb\",\"itemListElement\":[{\"@type\":\"ListItem\",\"position\":1,\"name\":\"Home\",\"item\":\"https:\\\/\\\/vivreaniagara.com\\\/en\\\/\"},{\"@type\":\"ListItem\",\"position\":2,\"name\":\"Education\"}]},{\"@type\":\"WebSite\",\"@id\":\"https:\\\/\\\/vivreaniagara.com\\\/#website\",\"url\":\"https:\\\/\\\/vivreaniagara.com\\\/\",\"name\":\"Vivre \u00e0 Niagara - Ressources communautaires francophones\",\"description\":\"Pour s&#039;immerser, pour s&#039;informer, pour s&#039;inspirer\",\"potentialAction\":[{\"@type\":\"SearchAction\",\"target\":{\"@type\":\"EntryPoint\",\"urlTemplate\":\"https:\\\/\\\/vivreaniagara.com\\\/?s={search_term_string}\"},\"query-input\":{\"@type\":\"PropertyValueSpecification\",\"valueRequired\":true,\"valueName\":\"search_term_string\"}}],\"inLanguage\":\"en-CA\"}]}<\/script>\n<!-- \/ Yoast SEO plugin. -->","yoast_head_json":{"title":"Education | Bonjour Niagara \u2013 Francophone Community Resources","robots":{"index":"index","follow":"follow","max-snippet":"max-snippet:-1","max-image-preview":"max-image-preview:large","max-video-preview":"max-video-preview:-1"},"canonical":"https:\/\/vivreaniagara.com\/en\/education\/","og_locale":"en_US","og_type":"article","og_title":"Education | Bonjour Niagara \u2013 Francophone Community Resources","og_description":"Child Care Services Parents of newborns and young preschoolers can find child care services in licensed child care centres or home care. In Niagara, child care centres provide a full range of services, from infant to preschool care and before and after school programs. Francophone services are located in French-language schools of both the Catholic ... Plus","og_url":"https:\/\/vivreaniagara.com\/en\/education\/","og_site_name":"Vivre \u00e0 Niagara - Ressources communautaires francophones","article_modified_time":"2023-06-12T14:55:09+00:00","og_image":[{"url":"http:\/\/vivreaniagara.com\/wp-content\/uploads\/2018\/08\/autobus-juju-cropped.jpg","type":"","width":"","height":""}],"twitter_card":"summary_large_image","twitter_misc":{"Est. reading time":"5 minutes"},"schema":{"@context":"https:\/\/schema.org","@graph":[{"@type":"WebPage","@id":"https:\/\/vivreaniagara.com\/en\/education\/","url":"https:\/\/vivreaniagara.com\/en\/education\/","name":"Education | Bonjour Niagara \u2013 Francophone Community Resources","isPartOf":{"@id":"https:\/\/vivreaniagara.com\/#website"},"primaryImageOfPage":{"@id":"https:\/\/vivreaniagara.com\/en\/education\/#primaryimage"},"image":{"@id":"https:\/\/vivreaniagara.com\/en\/education\/#primaryimage"},"thumbnailUrl":"http:\/\/vivreaniagara.com\/wp-content\/uploads\/2018\/08\/autobus-juju-cropped.jpg","datePublished":"2018-07-07T21:03:20+00:00","dateModified":"2023-06-12T14:55:09+00:00","breadcrumb":{"@id":"https:\/\/vivreaniagara.com\/en\/education\/#breadcrumb"},"inLanguage":"en-CA","potentialAction":[{"@type":"ReadAction","target":["https:\/\/vivreaniagara.com\/en\/education\/"]}]},{"@type":"ImageObject","inLanguage":"en-CA","@id":"https:\/\/vivreaniagara.com\/en\/education\/#primaryimage","url":"http:\/\/vivreaniagara.com\/wp-content\/uploads\/2018\/08\/autobus-juju-cropped.jpg","contentUrl":"http:\/\/vivreaniagara.com\/wp-content\/uploads\/2018\/08\/autobus-juju-cropped.jpg"},{"@type":"BreadcrumbList","@id":"https:\/\/vivreaniagara.com\/en\/education\/#breadcrumb","itemListElement":[{"@type":"ListItem","position":1,"name":"Home","item":"https:\/\/vivreaniagara.com\/en\/"},{"@type":"ListItem","position":2,"name":"Education"}]},{"@type":"WebSite","@id":"https:\/\/vivreaniagara.com\/#website","url":"https:\/\/vivreaniagara.com\/","name":"Vivre \u00e0 Niagara - Ressources communautaires francophones","description":"Pour s&#039;immerser, pour s&#039;informer, pour s&#039;inspirer","potentialAction":[{"@type":"SearchAction","target":{"@type":"EntryPoint","urlTemplate":"https:\/\/vivreaniagara.com\/?s={search_term_string}"},"query-input":{"@type":"PropertyValueSpecification","valueRequired":true,"valueName":"search_term_string"}}],"inLanguage":"en-CA"}]}},"_links":{"self":[{"href":"https:\/\/vivreaniagara.com\/en\/wp-json\/wp\/v2\/pages\/48\/"}],"collection":[{"href":"https:\/\/vivreaniagara.com\/en\/wp-json\/wp\/v2\/pages\/"}],"about":[{"href":"https:\/\/vivreaniagara.com\/en\/wp-json\/wp\/v2\/types\/page\/"}],"author":[{"embeddable":true,"href":"https:\/\/vivreaniagara.com\/en\/wp-json\/wp\/v2\/users\/12\/"}],"replies":[{"embeddable":true,"href":"https:\/\/vivreaniagara.com\/en\/wp-json\/wp\/v2\/comments\/?post=48"}],"version-history":[{"count":5,"href":"https:\/\/vivreaniagara.com\/en\/wp-json\/wp\/v2\/pages\/48\/revisions\/"}],"predecessor-version":[{"id":5545,"href":"https:\/\/vivreaniagara.com\/en\/wp-json\/wp\/v2\/pages\/48\/revisions\/5545\/"}],"wp:attachment":[{"href":"https:\/\/vivreaniagara.com\/en\/wp-json\/wp\/v2\/media\/?parent=48"}],"curies":[{"name":"wp","href":"https:\/\/api.w.org\/{rel}","templated":true}]}}