{"id":1780,"date":"2018-09-05T17:03:15","date_gmt":"2018-09-05T21:03:15","guid":{"rendered":"http:\/\/www.bonjourniagara.com\/vivre\/?page_id=1780"},"modified":"2023-06-07T12:15:47","modified_gmt":"2023-06-07T16:15:47","slug":"vivre-a-niagara","status":"publish","type":"page","link":"https:\/\/vivreaniagara.com\/en\/who-we-are\/vivre-a-niagara\/","title":{"rendered":"About Vivre \u00e0 Niagara"},"content":{"rendered":"<p><img loading=\"lazy\" decoding=\"async\" class=\"alignnone wp-image-2177 size-full\" src=\"http:\/\/vivreaniagara.com\/wp-content\/uploads\/2018\/09\/la-campagne-de-visibilite-bonjour-niagara.jpg\" alt=\"Bonjour Niagara is an enhanced visibility campaign\" width=\"1200\" height=\"798\" srcset=\"https:\/\/vivreaniagara.com\/wp-content\/uploads\/2018\/09\/la-campagne-de-visibilite-bonjour-niagara.jpg 1200w, https:\/\/vivreaniagara.com\/wp-content\/uploads\/2018\/09\/la-campagne-de-visibilite-bonjour-niagara-300x200.jpg 300w, https:\/\/vivreaniagara.com\/wp-content\/uploads\/2018\/09\/la-campagne-de-visibilite-bonjour-niagara-768x511.jpg 768w, https:\/\/vivreaniagara.com\/wp-content\/uploads\/2018\/09\/la-campagne-de-visibilite-bonjour-niagara-1024x681.jpg 1024w\" sizes=\"auto, (max-width: 1200px) 100vw, 1200px\" \/><\/p>\n<blockquote><p><em>&#8220;Vivre \u00e0 Niagara&#8221; (Live in Niagara) is an awareness campaign that highlights the accomplishments of Niagara&#8217;s Francophone community and promotes an understanding of the French presence in Niagara.<\/em><\/p><\/blockquote>\n<div class=\"wc-shortcodes-row wc-shortcodes-item wc-shortcodes-clearfix\">\n<div class=\"wc-shortcodes-column wc-shortcodes-content wc-shortcodes-two-third wc-shortcodes-column-first \">\n<p>The <em>Vivre \u00e0 Niagara<\/em> initiative stems from the cooperation between Niagara&#8217;s francophone organizations that serve on the Interagence Niagara committee.<\/p>\n<p>The project aims to rally the community and provide information about community resources and activities available to Francophones and Francophiles.<\/p>\n<p>The project is also aimed at French-speaking newcomers from other parts of Canada or from around the world, immigrants or refugees, that are seeking to settle in the region.<\/p>\n<h2>Interagence Niagara<\/h2>\n<p>More than thirty-five non-profit agencies carry out their activities in French in the greater Niagara region. Members of this committee work to strengthen collaboration and partnerships among different local Francophone players. Meetings are held four times a year and are held entirely in French. Participation in voluntary.<\/p>\n<ul>\n<li>All agencies with French-speaking staff in the Niagara Region can attend meetings.<\/li>\n<li>Organizations from outside Niagara Region are welcome to present their services.<\/li>\n<li>Non French-speaking or bilingual organizations are welcome to present their services or to collaborate with the committee.<\/li>\n<\/ul>\n<p><a href=\"https:\/\/www.ventureniagara.com\/\">Venture Niagara<\/a>, Community Futures Development Corporation,\u00a0spearheads the <em>Vivre \u00e0 Niagara<\/em> project and works in partnership with <em>Interagence Niagara<\/em> to support the development of the entire Francophone community of Niagara.<\/p>\n<p>This web site was created thanks to the <a href=\"https:\/\/www.ontario.ca\/page\/francophone-community-grants-program\" target=\"_blank\" rel=\"noopener\">Francophone Community Grants Program<\/a>.<\/p>\n<\/div>\n<div class=\"wc-shortcodes-column wc-shortcodes-content wc-shortcodes-one-third wc-shortcodes-column-last \">\n<div class=\"wc-shortcodes-box wc-shortcodes-item wc-shortcodes-content wc-shortcodes-clearfix wc-shortcodes-box-primary \" style=\"text-align:left;\">\n<h2>Be part of the <em>Vivre \u00e0 Niagara<\/em> community<\/h2>\n<p>Join the <em>Vivre \u00e0 Niagara<\/em> identity program to help promote the French-language services of your organization.<\/p>\n<ul>\n<li><a href=\"https:\/\/vivreaniagara.com\/en\/vivre-a-niagara-resources\/\">Display our &#8220;Bonjour&#8221; logo<\/a> on your website.<\/li>\n<li><a href=\"https:\/\/vivreaniagara.com\/en\/vivre-a-niagara-resources\/\">Order &#8220;Bonjour&#8221; promotional items<\/a> to identify your French-language or bilingual personnel.<\/li>\n<li><a href=\"https:\/\/vivreaniagara.com\/en\/vivre-a-niagara-resources\/\">Be listed in our directory<\/a> at no cost.<\/li>\n<li><a href=\"https:\/\/vivreaniagara.com\/en\/contact-us\/\">Contact us<\/a> to sit on the Interagence Niagara panel board.<\/li>\n<\/ul>\n<\/div>\n<\/div>\n<\/div>\n<div class=\"wc-shortcodes-row wc-shortcodes-item wc-shortcodes-clearfix\">\n<div class=\"wc-shortcodes-column wc-shortcodes-content wc-shortcodes-two-third wc-shortcodes-column-first \">\n<p><a href=\"http:\/\/vivreaniagara.com\/download\/2494\/\"><img loading=\"lazy\" decoding=\"async\" class=\"alignnone wp-image-2553 size-full\" src=\"http:\/\/vivreaniagara.com\/wp-content\/uploads\/2018\/10\/portrait-of-niagaras-francophone-community-download.jpg\" alt=\"\" width=\"900\" height=\"240\" srcset=\"https:\/\/vivreaniagara.com\/wp-content\/uploads\/2018\/10\/portrait-of-niagaras-francophone-community-download.jpg 900w, https:\/\/vivreaniagara.com\/wp-content\/uploads\/2018\/10\/portrait-of-niagaras-francophone-community-download-300x80.jpg 300w, https:\/\/vivreaniagara.com\/wp-content\/uploads\/2018\/10\/portrait-of-niagaras-francophone-community-download-768x205.jpg 768w\" sizes=\"auto, (max-width: 900px) 100vw, 900px\" \/><\/a><\/p>\n<\/div>\n<div class=\"wc-shortcodes-column wc-shortcodes-content wc-shortcodes-one-third wc-shortcodes-column-last \">\n<div class=\"wc-shortcodes-box wc-shortcodes-item wc-shortcodes-content wc-shortcodes-clearfix wc-shortcodes-box-secondary \" style=\"text-align:left;\">\n<h3>Follow us on social media<\/h3>\n<div class=\"wc-shortcodes-social-icons-wrapper\"><ul class=\"wc-shortcodes-social-icons wc-shortcodes-clearfix wc-shortcodes-columns-float-left wc-shortcodes-maxheight-48 wc-shortcodes-social-icons-format-image\"><li class=\"wc-shortcodes-social-icon wc-shortcode-social-icon-facebook first-icon\"><a target=\"_blank\" href=\"https:\/\/www.facebook.com\/Bonjouriciniagara\"><img decoding=\"async\" src=\"http:\/\/vivreaniagara.com\/wp-content\/plugins\/wc-shortcodes\/public\/assets\/img\/facebook.png\"\" alt=\"Facebook\"><\/a><\/li><li class=\"wc-shortcodes-social-icon wc-shortcode-social-icon-twitter\"><a target=\"_blank\" href=\"https:\/\/twitter.com\/Bonjouriciniag1\"><img decoding=\"async\" src=\"http:\/\/vivreaniagara.com\/wp-content\/plugins\/wc-shortcodes\/public\/assets\/img\/twitter.png\"\" alt=\"Twitter\"><\/a><\/li><\/ul><\/div>\n<\/div>\n<\/div>\n<\/div>\n","protected":false},"excerpt":{"rendered":"<p>&#8220;Vivre \u00e0 Niagara&#8221; (Live in Niagara) is an awareness campaign that highlights the accomplishments of Niagara&#8217;s Francophone community and promotes an understanding of the French presence in Niagara. The Vivre \u00e0 Niagara initiative stems from the cooperation between Niagara&#8217;s francophone organizations that serve on the Interagence Niagara committee. The project aims to rally the community &#8230; <a title=\"About Vivre \u00e0 Niagara\" class=\"read-more\" href=\"https:\/\/vivreaniagara.com\/en\/who-we-are\/vivre-a-niagara\/\" aria-label=\"More on About Vivre \u00e0 Niagara\">Plus<\/a><\/p>\n","protected":false},"author":12,"featured_media":2177,"parent":92,"menu_order":3,"comment_status":"closed","ping_status":"closed","template":"","meta":{"_monsterinsights_skip_tracking":false,"_monsterinsights_sitenote_active":false,"_monsterinsights_sitenote_note":"","_monsterinsights_sitenote_category":0,"generate_page_header":"","footnotes":""},"class_list":["post-1780","page","type-page","status-publish","has-post-thumbnail"],"yoast_head":"<!-- This site is optimized with the Yoast SEO plugin v27.4 - https:\/\/yoast.com\/product\/yoast-seo-wordpress\/ -->\n<title>About Vivre \u00e0 Niagara | Vivre \u00e0 Niagara - Ressources communautaires francophones<\/title>\n<meta name=\"robots\" content=\"index, follow, max-snippet:-1, max-image-preview:large, max-video-preview:-1\" \/>\n<link rel=\"canonical\" href=\"https:\/\/vivreaniagara.com\/en\/who-we-are\/vivre-a-niagara\/\" \/>\n<meta property=\"og:locale\" content=\"en_US\" \/>\n<meta property=\"og:type\" content=\"article\" \/>\n<meta property=\"og:title\" content=\"About Vivre \u00e0 Niagara | Vivre \u00e0 Niagara - Ressources communautaires francophones\" \/>\n<meta property=\"og:description\" content=\"&#8220;Vivre \u00e0 Niagara&#8221; (Live in Niagara) is an awareness campaign that highlights the accomplishments of Niagara&#8217;s Francophone community and promotes an understanding of the French presence in Niagara. The Vivre \u00e0 Niagara initiative stems from the cooperation between Niagara&#8217;s francophone organizations that serve on the Interagence Niagara committee. The project aims to rally the community ... Plus\" \/>\n<meta property=\"og:url\" content=\"https:\/\/vivreaniagara.com\/en\/who-we-are\/vivre-a-niagara\/\" \/>\n<meta property=\"og:site_name\" content=\"Vivre \u00e0 Niagara - Ressources communautaires francophones\" \/>\n<meta property=\"article:modified_time\" content=\"2023-06-07T16:15:47+00:00\" \/>\n<meta property=\"og:image\" content=\"https:\/\/vivreaniagara.com\/wp-content\/uploads\/2018\/09\/la-campagne-de-visibilite-bonjour-niagara.jpg\" \/>\n\t<meta property=\"og:image:width\" content=\"1200\" \/>\n\t<meta property=\"og:image:height\" content=\"798\" \/>\n\t<meta property=\"og:image:type\" content=\"image\/jpeg\" \/>\n<meta name=\"twitter:card\" content=\"summary_large_image\" \/>\n<meta name=\"twitter:label1\" content=\"Est. reading time\" \/>\n\t<meta name=\"twitter:data1\" content=\"3 minutes\" \/>\n<script type=\"application\/ld+json\" class=\"yoast-schema-graph\">{\"@context\":\"https:\\\/\\\/schema.org\",\"@graph\":[{\"@type\":\"WebPage\",\"@id\":\"https:\\\/\\\/vivreaniagara.com\\\/en\\\/who-we-are\\\/vivre-a-niagara\\\/\",\"url\":\"https:\\\/\\\/vivreaniagara.com\\\/en\\\/who-we-are\\\/vivre-a-niagara\\\/\",\"name\":\"About Vivre \u00e0 Niagara | Vivre \u00e0 Niagara - Ressources communautaires francophones\",\"isPartOf\":{\"@id\":\"https:\\\/\\\/vivreaniagara.com\\\/#website\"},\"primaryImageOfPage\":{\"@id\":\"https:\\\/\\\/vivreaniagara.com\\\/en\\\/who-we-are\\\/vivre-a-niagara\\\/#primaryimage\"},\"image\":{\"@id\":\"https:\\\/\\\/vivreaniagara.com\\\/en\\\/who-we-are\\\/vivre-a-niagara\\\/#primaryimage\"},\"thumbnailUrl\":\"https:\\\/\\\/vivreaniagara.com\\\/wp-content\\\/uploads\\\/2018\\\/09\\\/la-campagne-de-visibilite-bonjour-niagara.jpg\",\"datePublished\":\"2018-09-05T21:03:15+00:00\",\"dateModified\":\"2023-06-07T16:15:47+00:00\",\"breadcrumb\":{\"@id\":\"https:\\\/\\\/vivreaniagara.com\\\/en\\\/who-we-are\\\/vivre-a-niagara\\\/#breadcrumb\"},\"inLanguage\":\"en-CA\",\"potentialAction\":[{\"@type\":\"ReadAction\",\"target\":[\"https:\\\/\\\/vivreaniagara.com\\\/en\\\/who-we-are\\\/vivre-a-niagara\\\/\"]}]},{\"@type\":\"ImageObject\",\"inLanguage\":\"en-CA\",\"@id\":\"https:\\\/\\\/vivreaniagara.com\\\/en\\\/who-we-are\\\/vivre-a-niagara\\\/#primaryimage\",\"url\":\"https:\\\/\\\/vivreaniagara.com\\\/wp-content\\\/uploads\\\/2018\\\/09\\\/la-campagne-de-visibilite-bonjour-niagara.jpg\",\"contentUrl\":\"https:\\\/\\\/vivreaniagara.com\\\/wp-content\\\/uploads\\\/2018\\\/09\\\/la-campagne-de-visibilite-bonjour-niagara.jpg\",\"width\":1200,\"height\":798,\"caption\":\"La campagne de visibilit\u00e9 Bonjour Niagara\"},{\"@type\":\"BreadcrumbList\",\"@id\":\"https:\\\/\\\/vivreaniagara.com\\\/en\\\/who-we-are\\\/vivre-a-niagara\\\/#breadcrumb\",\"itemListElement\":[{\"@type\":\"ListItem\",\"position\":1,\"name\":\"Home\",\"item\":\"https:\\\/\\\/vivreaniagara.com\\\/en\\\/\"},{\"@type\":\"ListItem\",\"position\":2,\"name\":\"Who we are\",\"item\":\"https:\\\/\\\/vivreaniagara.com\\\/en\\\/who-we-are\\\/\"},{\"@type\":\"ListItem\",\"position\":3,\"name\":\"About Vivre \u00e0 Niagara\"}]},{\"@type\":\"WebSite\",\"@id\":\"https:\\\/\\\/vivreaniagara.com\\\/#website\",\"url\":\"https:\\\/\\\/vivreaniagara.com\\\/\",\"name\":\"Vivre \u00e0 Niagara - Ressources communautaires francophones\",\"description\":\"Pour s&#039;immerser, pour s&#039;informer, pour s&#039;inspirer\",\"potentialAction\":[{\"@type\":\"SearchAction\",\"target\":{\"@type\":\"EntryPoint\",\"urlTemplate\":\"https:\\\/\\\/vivreaniagara.com\\\/?s={search_term_string}\"},\"query-input\":{\"@type\":\"PropertyValueSpecification\",\"valueRequired\":true,\"valueName\":\"search_term_string\"}}],\"inLanguage\":\"en-CA\"}]}<\/script>\n<!-- \/ Yoast SEO plugin. -->","yoast_head_json":{"title":"About Vivre \u00e0 Niagara | Vivre \u00e0 Niagara - Ressources communautaires francophones","robots":{"index":"index","follow":"follow","max-snippet":"max-snippet:-1","max-image-preview":"max-image-preview:large","max-video-preview":"max-video-preview:-1"},"canonical":"https:\/\/vivreaniagara.com\/en\/who-we-are\/vivre-a-niagara\/","og_locale":"en_US","og_type":"article","og_title":"About Vivre \u00e0 Niagara | Vivre \u00e0 Niagara - Ressources communautaires francophones","og_description":"&#8220;Vivre \u00e0 Niagara&#8221; (Live in Niagara) is an awareness campaign that highlights the accomplishments of Niagara&#8217;s Francophone community and promotes an understanding of the French presence in Niagara. The Vivre \u00e0 Niagara initiative stems from the cooperation between Niagara&#8217;s francophone organizations that serve on the Interagence Niagara committee. The project aims to rally the community ... Plus","og_url":"https:\/\/vivreaniagara.com\/en\/who-we-are\/vivre-a-niagara\/","og_site_name":"Vivre \u00e0 Niagara - Ressources communautaires francophones","article_modified_time":"2023-06-07T16:15:47+00:00","og_image":[{"width":1200,"height":798,"url":"https:\/\/vivreaniagara.com\/wp-content\/uploads\/2018\/09\/la-campagne-de-visibilite-bonjour-niagara.jpg","type":"image\/jpeg"}],"twitter_card":"summary_large_image","twitter_misc":{"Est. reading time":"3 minutes"},"schema":{"@context":"https:\/\/schema.org","@graph":[{"@type":"WebPage","@id":"https:\/\/vivreaniagara.com\/en\/who-we-are\/vivre-a-niagara\/","url":"https:\/\/vivreaniagara.com\/en\/who-we-are\/vivre-a-niagara\/","name":"About Vivre \u00e0 Niagara | Vivre \u00e0 Niagara - Ressources communautaires francophones","isPartOf":{"@id":"https:\/\/vivreaniagara.com\/#website"},"primaryImageOfPage":{"@id":"https:\/\/vivreaniagara.com\/en\/who-we-are\/vivre-a-niagara\/#primaryimage"},"image":{"@id":"https:\/\/vivreaniagara.com\/en\/who-we-are\/vivre-a-niagara\/#primaryimage"},"thumbnailUrl":"https:\/\/vivreaniagara.com\/wp-content\/uploads\/2018\/09\/la-campagne-de-visibilite-bonjour-niagara.jpg","datePublished":"2018-09-05T21:03:15+00:00","dateModified":"2023-06-07T16:15:47+00:00","breadcrumb":{"@id":"https:\/\/vivreaniagara.com\/en\/who-we-are\/vivre-a-niagara\/#breadcrumb"},"inLanguage":"en-CA","potentialAction":[{"@type":"ReadAction","target":["https:\/\/vivreaniagara.com\/en\/who-we-are\/vivre-a-niagara\/"]}]},{"@type":"ImageObject","inLanguage":"en-CA","@id":"https:\/\/vivreaniagara.com\/en\/who-we-are\/vivre-a-niagara\/#primaryimage","url":"https:\/\/vivreaniagara.com\/wp-content\/uploads\/2018\/09\/la-campagne-de-visibilite-bonjour-niagara.jpg","contentUrl":"https:\/\/vivreaniagara.com\/wp-content\/uploads\/2018\/09\/la-campagne-de-visibilite-bonjour-niagara.jpg","width":1200,"height":798,"caption":"La campagne de visibilit\u00e9 Bonjour Niagara"},{"@type":"BreadcrumbList","@id":"https:\/\/vivreaniagara.com\/en\/who-we-are\/vivre-a-niagara\/#breadcrumb","itemListElement":[{"@type":"ListItem","position":1,"name":"Home","item":"https:\/\/vivreaniagara.com\/en\/"},{"@type":"ListItem","position":2,"name":"Who we are","item":"https:\/\/vivreaniagara.com\/en\/who-we-are\/"},{"@type":"ListItem","position":3,"name":"About Vivre \u00e0 Niagara"}]},{"@type":"WebSite","@id":"https:\/\/vivreaniagara.com\/#website","url":"https:\/\/vivreaniagara.com\/","name":"Vivre \u00e0 Niagara - Ressources communautaires francophones","description":"Pour s&#039;immerser, pour s&#039;informer, pour s&#039;inspirer","potentialAction":[{"@type":"SearchAction","target":{"@type":"EntryPoint","urlTemplate":"https:\/\/vivreaniagara.com\/?s={search_term_string}"},"query-input":{"@type":"PropertyValueSpecification","valueRequired":true,"valueName":"search_term_string"}}],"inLanguage":"en-CA"}]}},"_links":{"self":[{"href":"https:\/\/vivreaniagara.com\/en\/wp-json\/wp\/v2\/pages\/1780\/"}],"collection":[{"href":"https:\/\/vivreaniagara.com\/en\/wp-json\/wp\/v2\/pages\/"}],"about":[{"href":"https:\/\/vivreaniagara.com\/en\/wp-json\/wp\/v2\/types\/page\/"}],"author":[{"embeddable":true,"href":"https:\/\/vivreaniagara.com\/en\/wp-json\/wp\/v2\/users\/12\/"}],"replies":[{"embeddable":true,"href":"https:\/\/vivreaniagara.com\/en\/wp-json\/wp\/v2\/comments\/?post=1780"}],"version-history":[{"count":5,"href":"https:\/\/vivreaniagara.com\/en\/wp-json\/wp\/v2\/pages\/1780\/revisions\/"}],"predecessor-version":[{"id":5526,"href":"https:\/\/vivreaniagara.com\/en\/wp-json\/wp\/v2\/pages\/1780\/revisions\/5526\/"}],"up":[{"embeddable":true,"href":"https:\/\/vivreaniagara.com\/en\/wp-json\/wp\/v2\/pages\/92\/"}],"wp:featuredmedia":[{"embeddable":true,"href":"https:\/\/vivreaniagara.com\/en\/wp-json\/wp\/v2\/media\/2177\/"}],"wp:attachment":[{"href":"https:\/\/vivreaniagara.com\/en\/wp-json\/wp\/v2\/media\/?parent=1780"}],"curies":[{"name":"wp","href":"https:\/\/api.w.org\/{rel}","templated":true}]}}