{"id":1020,"date":"2018-08-03T16:56:34","date_gmt":"2018-08-03T20:56:34","guid":{"rendered":"http:\/\/www.bonjourniagara.com\/vivre\/?page_id=1020"},"modified":"2023-05-01T10:53:06","modified_gmt":"2023-05-01T14:53:06","slug":"vivre-a-niagara-resources","status":"publish","type":"page","link":"https:\/\/vivreaniagara.com\/en\/vivre-a-niagara-resources\/","title":{"rendered":"Vivre \u00e0 Niagara Resources"},"content":{"rendered":"<h2 class=\"no-top-margin\">Be a part of the <em>Vivre \u00e0 Niagara (Live in Niagara) <\/em>Community<\/h2>\n<div class=\"wc-shortcodes-row wc-shortcodes-item wc-shortcodes-clearfix\">\n<div class=\"wc-shortcodes-column wc-shortcodes-content wc-shortcodes-two-third wc-shortcodes-column-first \">\n<h3>Display our logo<\/h3>\n<p>You can download the &#8220;<em>Bonjour&#8221; <\/em>symbol and publish it to help bring awareness to Niagara&#8217;s Francophone community. Display our logo on your website to identify the availability of French-language services.<\/p>\n<p>Point to: <a href=\"http:\/\/vivreaniagara.com\/\" target=\"_blank\" rel=\"noopener\">http:\/\/vivreaniagara.com\/<\/a><\/p>\n<div class=\"wc-shortcodes-row wc-shortcodes-item wc-shortcodes-clearfix\">\n<div class=\"wc-shortcodes-column wc-shortcodes-content wc-shortcodes-one-third wc-shortcodes-column-first \">\n<div class=\"wc-shortcodes-box wc-shortcodes-item wc-shortcodes-content wc-shortcodes-clearfix wc-shortcodes-box-secondary no-decoration\" style=\"text-align:center;\">\n<img loading=\"lazy\" decoding=\"async\" class=\"alignnone wp-image-5049 size-medium\" src=\"http:\/\/vivreaniagara.com\/wp-content\/uploads\/2023\/04\/logo-bonjour-300x263.jpg\" alt=\"Logo Bonjour\" width=\"300\" height=\"263\" srcset=\"https:\/\/vivreaniagara.com\/wp-content\/uploads\/2023\/04\/logo-bonjour-300x263.jpg 300w, https:\/\/vivreaniagara.com\/wp-content\/uploads\/2023\/04\/logo-bonjour-1024x897.jpg 1024w, https:\/\/vivreaniagara.com\/wp-content\/uploads\/2023\/04\/logo-bonjour-768x673.jpg 768w, https:\/\/vivreaniagara.com\/wp-content\/uploads\/2023\/04\/logo-bonjour.jpg 1050w\" sizes=\"auto, (max-width: 300px) 100vw, 300px\" \/>\n<\/div>\n<\/div>\n<div class=\"wc-shortcodes-column wc-shortcodes-content wc-shortcodes-two-third wc-shortcodes-column-last \">\n<hr class=\"wc-shortcodes-spacing \" style=\"height: 40px\" \/>\n<p>Downloadable files:<\/p>\n<ul class=\"no-bullet\">\n<li><a class=\"download-link\" title=\"\" href=\"https:\/\/vivreaniagara.com\/en\/download\/2618\/?tmstv=1776416180\" rel=\"nofollow\">\n\tLogo Bonjour jpg<\/a> <small>(jpg &ndash; 156.37 KB)<\/small><br \/>\n    <\/li>\n<li><a class=\"download-link\" title=\"\" href=\"https:\/\/vivreaniagara.com\/en\/download\/2622\/?tmstv=1776416180\" rel=\"nofollow\">\n\tLogo Bonjour png<\/a> <small>(png &ndash; 89.87 KB)<\/small><br \/>\n    <\/li>\n<li><a class=\"download-link\" title=\"\" href=\"https:\/\/vivreaniagara.com\/en\/download\/2626\/?tmstv=1776416180\" rel=\"nofollow\">\n\tLogo Bonjour pdf<\/a> <small>(pdf &ndash; 165.02 KB)<\/small><br \/>\n    <\/li>\n<\/ul>\n<\/div>\n<\/div>\n<hr class=\"wc-shortcodes-divider wc-shortcodes-item wc-shortcodes-divider-line-single wc-shortcodes-divider-style-solid \"  \/>\n<h3>Take advantage of promotional items<\/h3>\n<p>Order &#8220;<em>Bonjour&#8221; <\/em>window decals to display in your offices and pins with the\u00a0<em>&#8220;Bonjour&#8221; <\/em>symbol for your bilingual staff to wear. Free of change, maximum 2 decals and 10 pins.<\/p>\n<p>[formidable id=&#8221;2&#8243;]<\/p>\n<hr class=\"wc-shortcodes-divider wc-shortcodes-item wc-shortcodes-divider-line-single wc-shortcodes-divider-style-solid \"  \/>\n<h3>To be listed in our directory as a provider<\/h3>\n<p>Did we not list your organization? If you are in Niagara and offer French-language services, please provide the following details for our database.<\/p>\n<p>Or let us know if your Resource Map listing requires updates.<\/p>\n<p>[formidable id=7]<\/p>\n<hr class=\"wc-shortcodes-divider wc-shortcodes-item wc-shortcodes-divider-line-single wc-shortcodes-divider-style-solid \"  \/>\n<h3>Become French-friendly<\/h3>\n<p>Can we help you connect with the Francophone community? Do you require French translation or interpretation services? <a href=\"https:\/\/vivreaniagara.com\/en\/contact-us\/\">Contact us<\/a>\u00a0for more information.<\/p>\n<hr class=\"wc-shortcodes-divider wc-shortcodes-item wc-shortcodes-divider-line-single wc-shortcodes-divider-style-solid \"  \/>\n<h3>Follow us on social media<\/h3>\n<div class=\"wc-shortcodes-social-icons-wrapper\"><ul class=\"wc-shortcodes-social-icons wc-shortcodes-clearfix wc-shortcodes-columns-float-left wc-shortcodes-maxheight-48 wc-shortcodes-social-icons-format-image\"><li class=\"wc-shortcodes-social-icon wc-shortcode-social-icon-facebook first-icon\"><a target=\"_blank\" href=\"https:\/\/www.facebook.com\/Bonjouriciniagara\"><img decoding=\"async\" src=\"http:\/\/vivreaniagara.com\/wp-content\/plugins\/wc-shortcodes\/public\/assets\/img\/facebook.png\"\" alt=\"Facebook\"><\/a><\/li><li class=\"wc-shortcodes-social-icon wc-shortcode-social-icon-twitter\"><a target=\"_blank\" href=\"https:\/\/twitter.com\/Bonjouriciniag1\"><img decoding=\"async\" src=\"http:\/\/vivreaniagara.com\/wp-content\/plugins\/wc-shortcodes\/public\/assets\/img\/twitter.png\"\" alt=\"Twitter\"><\/a><\/li><\/ul><\/div>\n<\/div>\n<div class=\"wc-shortcodes-column wc-shortcodes-content wc-shortcodes-one-third wc-shortcodes-column-last \">\n<p><img loading=\"lazy\" decoding=\"async\" class=\"rounded-corners alignnone wp-image-1978 size-full\" src=\"http:\/\/vivreaniagara.com\/wp-content\/uploads\/2018\/09\/testimonial-jeanne.jpg\" alt=\"\" width=\"400\" height=\"652\" srcset=\"https:\/\/vivreaniagara.com\/wp-content\/uploads\/2018\/09\/testimonial-jeanne.jpg 400w, https:\/\/vivreaniagara.com\/wp-content\/uploads\/2018\/09\/testimonial-jeanne-184x300.jpg 184w\" sizes=\"auto, (max-width: 400px) 100vw, 400px\" \/><\/p>\n<\/div>\n<\/div>\n","protected":false},"excerpt":{"rendered":"<p>Be a part of the Vivre \u00e0 Niagara (Live in Niagara) Community Display our logo You can download the &#8220;Bonjour&#8221; symbol and publish it to help bring awareness to Niagara&#8217;s Francophone community. Display our logo on your website to identify the availability of French-language services. Point to: http:\/\/vivreaniagara.com\/ Downloadable files: Take advantage of promotional items &#8230; <a title=\"Vivre \u00e0 Niagara Resources\" class=\"read-more\" href=\"https:\/\/vivreaniagara.com\/en\/vivre-a-niagara-resources\/\" aria-label=\"More on Vivre \u00e0 Niagara Resources\">Plus<\/a><\/p>\n","protected":false},"author":12,"featured_media":0,"parent":0,"menu_order":53,"comment_status":"closed","ping_status":"closed","template":"","meta":{"_monsterinsights_skip_tracking":false,"_monsterinsights_sitenote_active":false,"_monsterinsights_sitenote_note":"","_monsterinsights_sitenote_category":0,"generate_page_header":"","footnotes":""},"class_list":["post-1020","page","type-page","status-publish"],"yoast_head":"<!-- This site is optimized with the Yoast SEO plugin v27.4 - https:\/\/yoast.com\/product\/yoast-seo-wordpress\/ -->\n<title>Vivre \u00e0 Niagara Resources | Vivre \u00e0 Niagara - Ressources communautaires francophones<\/title>\n<meta name=\"robots\" content=\"index, follow, max-snippet:-1, max-image-preview:large, max-video-preview:-1\" \/>\n<link rel=\"canonical\" href=\"https:\/\/vivreaniagara.com\/en\/vivre-a-niagara-resources\/\" \/>\n<meta property=\"og:locale\" content=\"en_US\" \/>\n<meta property=\"og:type\" content=\"article\" \/>\n<meta property=\"og:title\" content=\"Vivre \u00e0 Niagara Resources | Vivre \u00e0 Niagara - Ressources communautaires francophones\" \/>\n<meta property=\"og:description\" content=\"Be a part of the Vivre \u00e0 Niagara (Live in Niagara) Community Display our logo You can download the &#8220;Bonjour&#8221; symbol and publish it to help bring awareness to Niagara&#8217;s Francophone community. Display our logo on your website to identify the availability of French-language services. Point to: http:\/\/vivreaniagara.com\/ Downloadable files: Take advantage of promotional items ... Plus\" \/>\n<meta property=\"og:url\" content=\"https:\/\/vivreaniagara.com\/en\/vivre-a-niagara-resources\/\" \/>\n<meta property=\"og:site_name\" content=\"Vivre \u00e0 Niagara - Ressources communautaires francophones\" \/>\n<meta property=\"article:modified_time\" content=\"2023-05-01T14:53:06+00:00\" \/>\n<meta property=\"og:image\" content=\"http:\/\/vivreaniagara.com\/wp-content\/uploads\/2023\/04\/logo-bonjour-300x263.jpg\" \/>\n<meta name=\"twitter:card\" content=\"summary_large_image\" \/>\n<meta name=\"twitter:label1\" content=\"Est. reading time\" \/>\n\t<meta name=\"twitter:data1\" content=\"2 minutes\" \/>\n<script type=\"application\/ld+json\" class=\"yoast-schema-graph\">{\"@context\":\"https:\\\/\\\/schema.org\",\"@graph\":[{\"@type\":\"WebPage\",\"@id\":\"https:\\\/\\\/vivreaniagara.com\\\/en\\\/vivre-a-niagara-resources\\\/\",\"url\":\"https:\\\/\\\/vivreaniagara.com\\\/en\\\/vivre-a-niagara-resources\\\/\",\"name\":\"Vivre \u00e0 Niagara Resources | Vivre \u00e0 Niagara - Ressources communautaires francophones\",\"isPartOf\":{\"@id\":\"https:\\\/\\\/vivreaniagara.com\\\/#website\"},\"primaryImageOfPage\":{\"@id\":\"https:\\\/\\\/vivreaniagara.com\\\/en\\\/vivre-a-niagara-resources\\\/#primaryimage\"},\"image\":{\"@id\":\"https:\\\/\\\/vivreaniagara.com\\\/en\\\/vivre-a-niagara-resources\\\/#primaryimage\"},\"thumbnailUrl\":\"http:\\\/\\\/vivreaniagara.com\\\/wp-content\\\/uploads\\\/2023\\\/04\\\/logo-bonjour-300x263.jpg\",\"datePublished\":\"2018-08-03T20:56:34+00:00\",\"dateModified\":\"2023-05-01T14:53:06+00:00\",\"breadcrumb\":{\"@id\":\"https:\\\/\\\/vivreaniagara.com\\\/en\\\/vivre-a-niagara-resources\\\/#breadcrumb\"},\"inLanguage\":\"en-CA\",\"potentialAction\":[{\"@type\":\"ReadAction\",\"target\":[\"https:\\\/\\\/vivreaniagara.com\\\/en\\\/vivre-a-niagara-resources\\\/\"]}]},{\"@type\":\"ImageObject\",\"inLanguage\":\"en-CA\",\"@id\":\"https:\\\/\\\/vivreaniagara.com\\\/en\\\/vivre-a-niagara-resources\\\/#primaryimage\",\"url\":\"http:\\\/\\\/vivreaniagara.com\\\/wp-content\\\/uploads\\\/2023\\\/04\\\/logo-bonjour-300x263.jpg\",\"contentUrl\":\"http:\\\/\\\/vivreaniagara.com\\\/wp-content\\\/uploads\\\/2023\\\/04\\\/logo-bonjour-300x263.jpg\"},{\"@type\":\"BreadcrumbList\",\"@id\":\"https:\\\/\\\/vivreaniagara.com\\\/en\\\/vivre-a-niagara-resources\\\/#breadcrumb\",\"itemListElement\":[{\"@type\":\"ListItem\",\"position\":1,\"name\":\"Home\",\"item\":\"https:\\\/\\\/vivreaniagara.com\\\/en\\\/\"},{\"@type\":\"ListItem\",\"position\":2,\"name\":\"Vivre \u00e0 Niagara Resources\"}]},{\"@type\":\"WebSite\",\"@id\":\"https:\\\/\\\/vivreaniagara.com\\\/#website\",\"url\":\"https:\\\/\\\/vivreaniagara.com\\\/\",\"name\":\"Vivre \u00e0 Niagara - Ressources communautaires francophones\",\"description\":\"Pour s&#039;immerser, pour s&#039;informer, pour s&#039;inspirer\",\"potentialAction\":[{\"@type\":\"SearchAction\",\"target\":{\"@type\":\"EntryPoint\",\"urlTemplate\":\"https:\\\/\\\/vivreaniagara.com\\\/?s={search_term_string}\"},\"query-input\":{\"@type\":\"PropertyValueSpecification\",\"valueRequired\":true,\"valueName\":\"search_term_string\"}}],\"inLanguage\":\"en-CA\"}]}<\/script>\n<!-- \/ Yoast SEO plugin. -->","yoast_head_json":{"title":"Vivre \u00e0 Niagara Resources | Vivre \u00e0 Niagara - Ressources communautaires francophones","robots":{"index":"index","follow":"follow","max-snippet":"max-snippet:-1","max-image-preview":"max-image-preview:large","max-video-preview":"max-video-preview:-1"},"canonical":"https:\/\/vivreaniagara.com\/en\/vivre-a-niagara-resources\/","og_locale":"en_US","og_type":"article","og_title":"Vivre \u00e0 Niagara Resources | Vivre \u00e0 Niagara - Ressources communautaires francophones","og_description":"Be a part of the Vivre \u00e0 Niagara (Live in Niagara) Community Display our logo You can download the &#8220;Bonjour&#8221; symbol and publish it to help bring awareness to Niagara&#8217;s Francophone community. Display our logo on your website to identify the availability of French-language services. Point to: http:\/\/vivreaniagara.com\/ Downloadable files: Take advantage of promotional items ... Plus","og_url":"https:\/\/vivreaniagara.com\/en\/vivre-a-niagara-resources\/","og_site_name":"Vivre \u00e0 Niagara - Ressources communautaires francophones","article_modified_time":"2023-05-01T14:53:06+00:00","og_image":[{"url":"http:\/\/vivreaniagara.com\/wp-content\/uploads\/2023\/04\/logo-bonjour-300x263.jpg","type":"","width":"","height":""}],"twitter_card":"summary_large_image","twitter_misc":{"Est. reading time":"2 minutes"},"schema":{"@context":"https:\/\/schema.org","@graph":[{"@type":"WebPage","@id":"https:\/\/vivreaniagara.com\/en\/vivre-a-niagara-resources\/","url":"https:\/\/vivreaniagara.com\/en\/vivre-a-niagara-resources\/","name":"Vivre \u00e0 Niagara Resources | Vivre \u00e0 Niagara - Ressources communautaires francophones","isPartOf":{"@id":"https:\/\/vivreaniagara.com\/#website"},"primaryImageOfPage":{"@id":"https:\/\/vivreaniagara.com\/en\/vivre-a-niagara-resources\/#primaryimage"},"image":{"@id":"https:\/\/vivreaniagara.com\/en\/vivre-a-niagara-resources\/#primaryimage"},"thumbnailUrl":"http:\/\/vivreaniagara.com\/wp-content\/uploads\/2023\/04\/logo-bonjour-300x263.jpg","datePublished":"2018-08-03T20:56:34+00:00","dateModified":"2023-05-01T14:53:06+00:00","breadcrumb":{"@id":"https:\/\/vivreaniagara.com\/en\/vivre-a-niagara-resources\/#breadcrumb"},"inLanguage":"en-CA","potentialAction":[{"@type":"ReadAction","target":["https:\/\/vivreaniagara.com\/en\/vivre-a-niagara-resources\/"]}]},{"@type":"ImageObject","inLanguage":"en-CA","@id":"https:\/\/vivreaniagara.com\/en\/vivre-a-niagara-resources\/#primaryimage","url":"http:\/\/vivreaniagara.com\/wp-content\/uploads\/2023\/04\/logo-bonjour-300x263.jpg","contentUrl":"http:\/\/vivreaniagara.com\/wp-content\/uploads\/2023\/04\/logo-bonjour-300x263.jpg"},{"@type":"BreadcrumbList","@id":"https:\/\/vivreaniagara.com\/en\/vivre-a-niagara-resources\/#breadcrumb","itemListElement":[{"@type":"ListItem","position":1,"name":"Home","item":"https:\/\/vivreaniagara.com\/en\/"},{"@type":"ListItem","position":2,"name":"Vivre \u00e0 Niagara Resources"}]},{"@type":"WebSite","@id":"https:\/\/vivreaniagara.com\/#website","url":"https:\/\/vivreaniagara.com\/","name":"Vivre \u00e0 Niagara - Ressources communautaires francophones","description":"Pour s&#039;immerser, pour s&#039;informer, pour s&#039;inspirer","potentialAction":[{"@type":"SearchAction","target":{"@type":"EntryPoint","urlTemplate":"https:\/\/vivreaniagara.com\/?s={search_term_string}"},"query-input":{"@type":"PropertyValueSpecification","valueRequired":true,"valueName":"search_term_string"}}],"inLanguage":"en-CA"}]}},"_links":{"self":[{"href":"https:\/\/vivreaniagara.com\/en\/wp-json\/wp\/v2\/pages\/1020\/"}],"collection":[{"href":"https:\/\/vivreaniagara.com\/en\/wp-json\/wp\/v2\/pages\/"}],"about":[{"href":"https:\/\/vivreaniagara.com\/en\/wp-json\/wp\/v2\/types\/page\/"}],"author":[{"embeddable":true,"href":"https:\/\/vivreaniagara.com\/en\/wp-json\/wp\/v2\/users\/12\/"}],"replies":[{"embeddable":true,"href":"https:\/\/vivreaniagara.com\/en\/wp-json\/wp\/v2\/comments\/?post=1020"}],"version-history":[{"count":5,"href":"https:\/\/vivreaniagara.com\/en\/wp-json\/wp\/v2\/pages\/1020\/revisions\/"}],"predecessor-version":[{"id":5348,"href":"https:\/\/vivreaniagara.com\/en\/wp-json\/wp\/v2\/pages\/1020\/revisions\/5348\/"}],"wp:attachment":[{"href":"https:\/\/vivreaniagara.com\/en\/wp-json\/wp\/v2\/media\/?parent=1020"}],"curies":[{"name":"wp","href":"https:\/\/api.w.org\/{rel}","templated":true}]}}